{"id":16304,"date":"2021-07-17T10:39:55","date_gmt":"2021-07-17T14:39:55","guid":{"rendered":"https:\/\/3tonnesgym.com\/staging\/9945\/?page_id=16304"},"modified":"2026-03-18T20:09:32","modified_gmt":"2026-03-19T00:09:32","slug":"equipements","status":"publish","type":"page","link":"https:\/\/3tonnesgym.com\/en\/equipements\/","title":{"rendered":"Equipment"},"content":{"rendered":"<div class=\"wpb-content-wrapper\"><div id=\"crzm_equip-r1\" class=\"vc_row wpb_row vc_row-fluid mkd-section vc_custom_1627479182357 mkd-content-aligment-left mkd-grid-section\" style=\"\"><div class=\"clearfix mkd-section-inner\"><div class=\"mkd-section-inner-margin clearfix\"><div class=\"wpb_column vc_column_container vc_col-sm-12\"><div class=\"vc_column-inner\"><div class=\"wpb_wrapper\"><div data-mkd-parallax-speed=\"1\" class=\"vc_row wpb_row vc_inner vc_row-fluid mkd-section crzm_list-light crzm_list-equip vc_custom_1627415765603 mkd-content-aligment-left\" style=\"\"><div class=\"mkd-full-section-inner\"><div class=\"wpb_column vc_column_container vc_col-sm-12\"><div class=\"vc_column-inner\"><div class=\"wpb_wrapper\">\n\t<div class=\"wpb_text_column wpb_content_element\" >\n\t\t<div class=\"wpb_wrapper\">\n\t\t\t<p>Whether you train for strongman, powerlifting or Olympic weightlifting, or simply desire to improve your quality of life, we have all the required equipment for you to become the best version of yourself.<\/p>\n<p><b>Strongman<\/b> : logs, axles, monster bells, deadlift bars, car deadlift, 32 sand bags from 15 to 400 lbs including throwing bags, 7 kegs from 90 to 240 lbs, 15 Atlas stones from 95 to 480 lbs, 6 stone loading platforms (from 46\u201d to 56\u201d), yoke, farmer\u2019s walk, frame, Hussafel stone, sled and a 60 foot long transport alley, we have it all!<\/p>\n<p><b>Powerlifting<\/b> : Hansu pro combo rack, IPF approved Iron Bull calibrated plates, 8 Rogue Ohio power bars, 1 Rogue Monster bench, 2 deadlift platforms, 2 Rogue Monster Lite power racks.<\/p>\n<p><b>Olympic Weightlifting<\/b> : 2 Olympic weightlifting platforms, Rogue urethane bumper plates (1% tolerance), 4 Olympic weightlifting barbells (2x20kg, 2x15kg), jerk blocks.<\/p>\n<p>Add to that all our specialized bars (SSB, multi-grip, trap bar), dumbbells from 5 to 120 lbs, kettle bells from 18 to 100 lbs and our high quality machines: Rogue lat pulldown, Rogue squat rack, Atlantis belt squat, Hammer strength plate loaded iso-lateral seated row, leg curl, leg press, hack squat, glute-ham developer, reverse hyperextension, Concept 2 rower, Rogue echo bike, treadmill.<\/p>\n\n\t\t<\/div>\n\t<\/div>\n<\/div><\/div><\/div><\/div><\/div><\/div><\/div><\/div><\/div><\/div><\/div><div class=\"vc_row wpb_row vc_row-fluid mkd-section mkd-content-aligment-left\" style=\"\"><div class=\"clearfix mkd-full-section-inner\"><div class=\"wpb_column vc_column_container vc_col-sm-12\"><div class=\"vc_column-inner\"><div class=\"wpb_wrapper\">\t\t\r\n\t\t<div class=\"mega_uae_btn_447 crzm_become-member\" style=\"justify-content: left; display: flex;\">\r\n\t\t\t\t\t\t\t<a href=\"https:\/\/3tonnesgym.com\/en\/contact\/\" target=\"\" title=\"Contact us\" class=\"maw_advanced_btn hvr-fade btn_block\" style=\"color: #ffffff;background: #007aff ; border: 0px none ; border-radius: px; font-size: 28px; padding: px 25px; font-family:Montserrat;font-weight:700;font-style:normal;\" data-text=\"Devenez membre de 3 Tonnes Gym aujourd&#039;hui!\"> \r\n\t\t\t\t\t\t\t\t\t\t\t<i class=\"icon__left\"><\/i> \r\n\t\t\t\t\t\t\t\t\t\t\tBecome a member of 3 Tonnes Gym today!\t\t\t\t\t\t\t\t\t<\/a>\r\n\t\t\t\t<div style=\"clear: both;\"><\/div>\r\n\t\t\t\r\n\t\t\t\r\n\t\t\t\r\n\t\t\t\r\n\t\t\t\r\n\t\t\t\r\n\t\t\t\r\n\t\t\t\r\n\t\t\t\t\t<\/div>\r\n\t\t<style>\r\n\t\t\t.mega_uae_btn_447 .maw_advanced_btn{\r\n\t\t\t\ttext-transform: default !important;\r\n\t\t\t\tfont-style: default !important;\r\n\t\t\t\ttext-decoration: default !important;\r\n\t\t\t\t\/*box-none: 5px 5px 16px rgba(68,68,68,0.3) !important;*\/\r\n\t\t\t\tbox-none: 0 10px 20px rgba(0, 0, 0, 0.2) !important;\r\n\t\t\t}\r\n\t\t\t\t\t\t\t.mega_uae_btn_447 .maw_advanced_btn .icon__left {\r\n\t\t\t\t\tfont-size: 18px !important;\r\n\t\t\t\t\tpadding-right: 5px !important;\r\n\t\t\t\t}\r\n\t\t\t\t\t\t\r\n\t\t\t.mega_uae_btn_447 .button--antiman:hover,\r\n\t\t\t.mega_uae_btn_447 .button--nuka:hover,\r\n\t\t\t.mega_uae_btn_447 .button--aylen:hover,\r\n\t\t\t.mega_uae_btn_447 .button--pipaluk:hover {\r\n\t\t\t\tcolor: #ffffff !important;\r\n\t\t\t}\r\n\r\n\t\t\t\t\t\t\t.mega_uae_btn_447 .hvr-fade:hover{\r\n\t\t\t\t\tbackground: #016adc !important;\r\n\t\t\t\t\tcolor: #ffffff !important;\r\n\t\t\t\t}\r\n\t\t\t\r\n\t\t\t\r\n\t\t\t\t\t\t\r\n\t\t\t\t\t\t\r\n\t\t\t\r\n\t\t\t\r\n\t\t\t\r\n\t\t\t\r\n\t\t\t\r\n\t\t\t\r\n\t\t\t\r\n\t\t\t\r\n\t\t\t\r\n\t\t\t\t\t\t\t\t\t\r\n\t\t\t\r\n\t\t\t\r\n\t\t\t\r\n\t\t\t\r\n\t\t\t\r\n\t\t\t\r\n\t\t\t\t\t<\/style>\r\n\r\n\t\t<\/div><\/div><\/div><\/div><\/div>\n<\/div>","protected":false},"excerpt":{"rendered":"\u00ab\u00a0Que vous vous entrainiez pour le strongman, le powerlifting, l\u2019halt\u00e9rophilie ou que vous d\u00e9siriez simplement am\u00e9liorer votre qualit\u00e9 de vie, nous avons absolument tout l\u2019\u00e9quipement requis pour que vous deveniez la meilleure version de vous-m\u00eames.\u00bb Strongman : billots, essieux, halt\u00e8res g\u00e9ants, barres de deadlift, deadlift...","protected":false},"author":1,"featured_media":0,"parent":0,"menu_order":0,"comment_status":"closed","ping_status":"closed","template":"full-width.php","meta":{"nf_dc_page":"","footnotes":""},"class_list":["post-16304","page","type-page","status-publish","hentry"],"yoast_head":"<!-- This site is optimized with the Yoast SEO plugin v27.4 - https:\/\/yoast.com\/product\/yoast-seo-wordpress\/ -->\n<title>Salle d&#039;entrainement - gym Gatineau Ottawa<\/title>\n<meta name=\"description\" content=\"Tous l&#039;\u00e9quipement requis pour que les athl\u00e8tes puissent devenir le meilleur d&#039;eux-m\u00eames. Dynamophilie, halt\u00e9rophilie, femmes fortes et hommes forts\" \/>\n<meta name=\"robots\" content=\"index, follow, max-snippet:-1, max-image-preview:large, max-video-preview:-1\" \/>\n<link rel=\"canonical\" href=\"https:\/\/3tonnesgym.com\/en\/equipements\/\" \/>\n<meta property=\"og:locale\" content=\"en_US\" \/>\n<meta property=\"og:type\" content=\"article\" \/>\n<meta property=\"og:title\" content=\"Salle d&#039;entrainement - gym Gatineau Ottawa\" \/>\n<meta property=\"og:description\" content=\"Tous l&#039;\u00e9quipement requis pour que les athl\u00e8tes puissent devenir le meilleur d&#039;eux-m\u00eames. Dynamophilie, halt\u00e9rophilie, femmes fortes et hommes forts\" \/>\n<meta property=\"og:url\" content=\"https:\/\/3tonnesgym.com\/en\/equipements\/\" \/>\n<meta property=\"og:site_name\" content=\"3 TONNES GYM\" \/>\n<meta property=\"article:modified_time\" content=\"2026-03-19T00:09:32+00:00\" \/>\n<meta name=\"twitter:card\" content=\"summary_large_image\" \/>\n<meta name=\"twitter:label1\" content=\"Est. reading time\" \/>\n\t<meta name=\"twitter:data1\" content=\"2 minutes\" \/>\n<script type=\"application\/ld+json\" class=\"yoast-schema-graph\">{\"@context\":\"https:\\\/\\\/schema.org\",\"@graph\":[{\"@type\":\"WebPage\",\"@id\":\"https:\\\/\\\/3tonnesgym.com\\\/equipements\\\/\",\"url\":\"https:\\\/\\\/3tonnesgym.com\\\/equipements\\\/\",\"name\":\"Salle d'entrainement - gym Gatineau Ottawa\",\"isPartOf\":{\"@id\":\"https:\\\/\\\/3tonnesgym.com\\\/#website\"},\"datePublished\":\"2021-07-17T14:39:55+00:00\",\"dateModified\":\"2026-03-19T00:09:32+00:00\",\"description\":\"Tous l'\u00e9quipement requis pour que les athl\u00e8tes puissent devenir le meilleur d'eux-m\u00eames. Dynamophilie, halt\u00e9rophilie, femmes fortes et hommes forts\",\"breadcrumb\":{\"@id\":\"https:\\\/\\\/3tonnesgym.com\\\/equipements\\\/#breadcrumb\"},\"inLanguage\":\"en-CA\",\"potentialAction\":[{\"@type\":\"ReadAction\",\"target\":[\"https:\\\/\\\/3tonnesgym.com\\\/equipements\\\/\"]}]},{\"@type\":\"BreadcrumbList\",\"@id\":\"https:\\\/\\\/3tonnesgym.com\\\/equipements\\\/#breadcrumb\",\"itemListElement\":[{\"@type\":\"ListItem\",\"position\":1,\"name\":\"Home\",\"item\":\"https:\\\/\\\/3tonnesgym.com\\\/\"},{\"@type\":\"ListItem\",\"position\":2,\"name\":\"\u00c9quipements\"}]},{\"@type\":\"WebSite\",\"@id\":\"https:\\\/\\\/3tonnesgym.com\\\/#website\",\"url\":\"https:\\\/\\\/3tonnesgym.com\\\/\",\"name\":\"3 TONNES GYM\",\"description\":\"La r\u00e9f\u00e9rence des sports de force en Outaouais\",\"potentialAction\":[{\"@type\":\"SearchAction\",\"target\":{\"@type\":\"EntryPoint\",\"urlTemplate\":\"https:\\\/\\\/3tonnesgym.com\\\/?s={search_term_string}\"},\"query-input\":{\"@type\":\"PropertyValueSpecification\",\"valueRequired\":true,\"valueName\":\"search_term_string\"}}],\"inLanguage\":\"en-CA\"}]}<\/script>\n<!-- \/ Yoast SEO plugin. -->","yoast_head_json":{"title":"Salle d'entrainement - gym Gatineau Ottawa","description":"Tous l'\u00e9quipement requis pour que les athl\u00e8tes puissent devenir le meilleur d'eux-m\u00eames. Dynamophilie, halt\u00e9rophilie, femmes fortes et hommes forts","robots":{"index":"index","follow":"follow","max-snippet":"max-snippet:-1","max-image-preview":"max-image-preview:large","max-video-preview":"max-video-preview:-1"},"canonical":"https:\/\/3tonnesgym.com\/en\/equipements\/","og_locale":"en_US","og_type":"article","og_title":"Salle d'entrainement - gym Gatineau Ottawa","og_description":"Tous l'\u00e9quipement requis pour que les athl\u00e8tes puissent devenir le meilleur d'eux-m\u00eames. Dynamophilie, halt\u00e9rophilie, femmes fortes et hommes forts","og_url":"https:\/\/3tonnesgym.com\/en\/equipements\/","og_site_name":"3 TONNES GYM","article_modified_time":"2026-03-19T00:09:32+00:00","twitter_card":"summary_large_image","twitter_misc":{"Est. reading time":"2 minutes"},"schema":{"@context":"https:\/\/schema.org","@graph":[{"@type":"WebPage","@id":"https:\/\/3tonnesgym.com\/equipements\/","url":"https:\/\/3tonnesgym.com\/equipements\/","name":"Salle d'entrainement - gym Gatineau Ottawa","isPartOf":{"@id":"https:\/\/3tonnesgym.com\/#website"},"datePublished":"2021-07-17T14:39:55+00:00","dateModified":"2026-03-19T00:09:32+00:00","description":"Tous l'\u00e9quipement requis pour que les athl\u00e8tes puissent devenir le meilleur d'eux-m\u00eames. Dynamophilie, halt\u00e9rophilie, femmes fortes et hommes forts","breadcrumb":{"@id":"https:\/\/3tonnesgym.com\/equipements\/#breadcrumb"},"inLanguage":"en-CA","potentialAction":[{"@type":"ReadAction","target":["https:\/\/3tonnesgym.com\/equipements\/"]}]},{"@type":"BreadcrumbList","@id":"https:\/\/3tonnesgym.com\/equipements\/#breadcrumb","itemListElement":[{"@type":"ListItem","position":1,"name":"Home","item":"https:\/\/3tonnesgym.com\/"},{"@type":"ListItem","position":2,"name":"\u00c9quipements"}]},{"@type":"WebSite","@id":"https:\/\/3tonnesgym.com\/#website","url":"https:\/\/3tonnesgym.com\/","name":"3 TONNES GYM","description":"La r\u00e9f\u00e9rence des sports de force en Outaouais","potentialAction":[{"@type":"SearchAction","target":{"@type":"EntryPoint","urlTemplate":"https:\/\/3tonnesgym.com\/?s={search_term_string}"},"query-input":{"@type":"PropertyValueSpecification","valueRequired":true,"valueName":"search_term_string"}}],"inLanguage":"en-CA"}]}},"_links":{"self":[{"href":"https:\/\/3tonnesgym.com\/en\/wp-json\/wp\/v2\/pages\/16304","targetHints":{"allow":["GET"]}}],"collection":[{"href":"https:\/\/3tonnesgym.com\/en\/wp-json\/wp\/v2\/pages"}],"about":[{"href":"https:\/\/3tonnesgym.com\/en\/wp-json\/wp\/v2\/types\/page"}],"author":[{"embeddable":true,"href":"https:\/\/3tonnesgym.com\/en\/wp-json\/wp\/v2\/users\/1"}],"replies":[{"embeddable":true,"href":"https:\/\/3tonnesgym.com\/en\/wp-json\/wp\/v2\/comments?post=16304"}],"version-history":[{"count":5,"href":"https:\/\/3tonnesgym.com\/en\/wp-json\/wp\/v2\/pages\/16304\/revisions"}],"predecessor-version":[{"id":16306,"href":"https:\/\/3tonnesgym.com\/en\/wp-json\/wp\/v2\/pages\/16304\/revisions\/16306"}],"wp:attachment":[{"href":"https:\/\/3tonnesgym.com\/en\/wp-json\/wp\/v2\/media?parent=16304"}],"curies":[{"name":"wp","href":"https:\/\/api.w.org\/{rel}","templated":true}]}}