{"id":16337,"date":"2021-07-17T12:02:14","date_gmt":"2021-07-17T16:02:14","guid":{"rendered":"https:\/\/3tonnesgym.com\/staging\/9945\/?page_id=16337"},"modified":"2026-03-18T20:15:15","modified_gmt":"2026-03-19T00:15:15","slug":"tarifs","status":"publish","type":"page","link":"https:\/\/3tonnesgym.com\/en\/tarifs\/","title":{"rendered":"Prices"},"content":{"rendered":"<div class=\"wpb-content-wrapper\"><div id=\"crzm_tarifs-r1\" class=\"vc_row wpb_row vc_row-fluid mkd-section mkd-content-aligment-left\" style=\"\"><div class=\"clearfix mkd-full-section-inner\"><div class=\"wpb_column vc_column_container vc_col-sm-12\"><div class=\"vc_column-inner\"><div class=\"wpb_wrapper\"><div class=\"mkd-elements-holder mkd-responsive-mode-768\" ><div class=\"mkd-elements-holder-item mkd-width-1-1 mkd-vertical-alignment-top mkd-horizontal-alignment-left\"  >\n\t<div class=\"mkd-elements-holder-item-inner\">\n\t\t<div class=\"mkd-elements-holder-item-content mkd-elements-holder-custom-739556\" style=\"padding: 8% 6% 8% 14%\">\n\t\t\t\t\t\t\t<style type=\"text\/css\" data-type=\"mkd-elements-custom-padding\" scoped>\n\t\t\t\t\t\t\t\t\t\t@media only screen and (min-width: 1280px) and (max-width: 1440px) {\n\t\t\t\t\t\t.mkd-elements-holder .mkd-elements-holder-item-content.mkd-elements-holder-custom-739556 {\n\t\t\t\t\t\t\tpadding: 8% 10% 8% 12% !important;\n\t\t\t\t\t\t}\n\t\t\t\t\t}\n\n\t\t\t\t\t\t\t\t\t\t\t\t\t\t\t@media only screen and (min-width: 1024px) and (max-width: 1280px) {\n\t\t\t\t\t\t.mkd-elements-holder .mkd-elements-holder-item-content.mkd-elements-holder-custom-739556 {\n\t\t\t\t\t\t\tpadding: 10% 10% 10% 12% !important;\n\t\t\t\t\t\t}\n\t\t\t\t\t}\n\n\t\t\t\t\t\t\t\t\t\t\t\t\t\t\t@media only screen and (min-width: 768px) and (max-width: 1024px) {\n\t\t\t\t\t\t.mkd-elements-holder .mkd-elements-holder-item-content.mkd-elements-holder-custom-739556 {\n\t\t\t\t\t\t\tpadding: 12% 10% 10% 12% !important;\n\t\t\t\t\t\t}\n\t\t\t\t\t}\n\n\t\t\t\t\t\t\t\t\t\t\t\t\t\t\t@media only screen and (min-width: 600px) and (max-width: 768px) {\n\t\t\t\t\t\t.mkd-elements-holder .mkd-elements-holder-item-content.mkd-elements-holder-custom-739556 {\n\t\t\t\t\t\t\tpadding: 12% 6% 10% 11% !important;\n\t\t\t\t\t\t}\n\t\t\t\t\t}\n\n\t\t\t\t\t\t\t\t\t\t\t\t\t\t\t@media only screen and (min-width: 480px) and (max-width: 600px) {\n\t\t\t\t\t\t.mkd-elements-holder .mkd-elements-holder-item-content.mkd-elements-holder-custom-739556 {\n\t\t\t\t\t\t\tpadding: 12% 6% 10% 11% !important;\n\t\t\t\t\t\t}\n\t\t\t\t\t}\n\n\t\t\t\t\t\t\t\t\t\t\t\t\t\t\t@media only screen and (max-width: 480px) {\n\t\t\t\t\t\t.mkd-elements-holder .mkd-elements-holder-item-content.mkd-elements-holder-custom-739556 {\n\t\t\t\t\t\t\tpadding: 12% 6% 10% 11% !important;\n\t\t\t\t\t\t}\n\t\t\t\t\t}\n\n\t\t\t\t\t\t\t\t\t<\/style>\n\t\t\t            \t\t\t    \n\t<div class=\"wpb_text_column wpb_content_element\" >\n\t\t<div class=\"wpb_wrapper\">\n\t\t\t<h2>GYM MEMBERSHIPS<\/h2>\n<p><b>Unlimited access, 24h\/24h<\/b><\/p>\n<ul>\n<li>1 year membership: 3 payments of 260,92$ + tx = <b>3 x 300$<\/b><\/li>\n<li>1 month: 69,58$ + tx = <b>80$<\/b><\/li>\n<li>1 drop-in: 17,40$ + tx = <b>20$<\/b><\/li>\n<\/ul>\n<h3>Services<\/h3>\n<ul>\n<li>1 training program. Personalized, interactive and updated weekly for 4 consecutive weeks: 104,37$ + tx = <b>120$<\/b><\/li>\n<li>1 hour coaching session with one of our professional and experienced coaches: 104,37$ + tx = <b>120$<\/b><\/li>\n<li>1 personalized nutrition plan: 104,37$ + tx = <b>120$<\/b><\/li>\n<\/ul>\n<p style=\"margin-top: 1.5em;\"><em style=\"font-size: .7em;\">Refundable 10$ deposit required for fob key<br \/>\n<\/em><\/p>\n\n\t\t<\/div>\n\t<\/div>\n            \t\t<\/div>\n\t<\/div>\n<\/div><\/div><\/div><\/div><\/div><\/div><\/div><div id=\"crzm_tarifs-r3\" class=\"vc_row wpb_row vc_row-fluid mkd-section mkd-content-aligment-left\" style=\"\"><div class=\"clearfix mkd-full-section-inner\"><div class=\"wpb_column vc_column_container vc_col-sm-12\"><div class=\"vc_column-inner\"><div class=\"wpb_wrapper\"><div class=\"mkd-elements-holder mkd-responsive-mode-768\" ><div class=\"mkd-elements-holder-item mkd-width-1-2 mkd-vertical-alignment-top mkd-horizontal-alignment-left\"  style=\"background-image: url(https:\/\/3tonnesgym.com\/wp-content\/uploads\/2021\/07\/3TONNES-GYM_equipements.jpg)\">\n\t<div class=\"mkd-elements-holder-item-inner\">\n\t\t<div class=\"mkd-elements-holder-item-content mkd-elements-holder-custom-552180\" style=\"padding: 12% 6% 12% 14%\">\n\t\t\t\t\t\t\t<style type=\"text\/css\" data-type=\"mkd-elements-custom-padding\" scoped>\n\t\t\t\t\t\t\t\t\t\t@media only screen and (min-width: 1280px) and (max-width: 1440px) {\n\t\t\t\t\t\t.mkd-elements-holder .mkd-elements-holder-item-content.mkd-elements-holder-custom-552180 {\n\t\t\t\t\t\t\tpadding: 12% 10% 10% 12% !important;\n\t\t\t\t\t\t}\n\t\t\t\t\t}\n\n\t\t\t\t\t\t\t\t\t\t\t\t\t\t\t@media only screen and (min-width: 1024px) and (max-width: 1280px) {\n\t\t\t\t\t\t.mkd-elements-holder .mkd-elements-holder-item-content.mkd-elements-holder-custom-552180 {\n\t\t\t\t\t\t\tpadding: 12% 10% 10% 12% !important;\n\t\t\t\t\t\t}\n\t\t\t\t\t}\n\n\t\t\t\t\t\t\t\t\t\t\t\t\t\t\t@media only screen and (min-width: 768px) and (max-width: 1024px) {\n\t\t\t\t\t\t.mkd-elements-holder .mkd-elements-holder-item-content.mkd-elements-holder-custom-552180 {\n\t\t\t\t\t\t\tpadding: 12% 10% 10% 12% !important;\n\t\t\t\t\t\t}\n\t\t\t\t\t}\n\n\t\t\t\t\t\t\t\t\t\t\t\t\t\t\t@media only screen and (min-width: 600px) and (max-width: 768px) {\n\t\t\t\t\t\t.mkd-elements-holder .mkd-elements-holder-item-content.mkd-elements-holder-custom-552180 {\n\t\t\t\t\t\t\tpadding: 0% !important;\n\t\t\t\t\t\t}\n\t\t\t\t\t}\n\n\t\t\t\t\t\t\t\t\t\t\t\t\t\t\t@media only screen and (min-width: 480px) and (max-width: 600px) {\n\t\t\t\t\t\t.mkd-elements-holder .mkd-elements-holder-item-content.mkd-elements-holder-custom-552180 {\n\t\t\t\t\t\t\tpadding: 0% !important;\n\t\t\t\t\t\t}\n\t\t\t\t\t}\n\n\t\t\t\t\t\t\t\t\t\t\t\t\t\t\t@media only screen and (max-width: 480px) {\n\t\t\t\t\t\t.mkd-elements-holder .mkd-elements-holder-item-content.mkd-elements-holder-custom-552180 {\n\t\t\t\t\t\t\tpadding: 0% !important;\n\t\t\t\t\t\t}\n\t\t\t\t\t}\n\n\t\t\t\t\t\t\t\t\t<\/style>\n\t\t\t            \t\t\t                \t\t<\/div>\n\t<\/div>\n<\/div><div class=\"mkd-elements-holder-item mkd-width-1-2 mkd-vertical-alignment-top mkd-horizontal-alignment-left\"  style=\"background-color: #016adc\">\n\t<div class=\"mkd-elements-holder-item-inner\">\n\t\t<div class=\"mkd-elements-holder-item-content mkd-elements-holder-custom-884598\" style=\"padding: 10% 6%\">\n\t\t\t\t\t\t\t<style type=\"text\/css\" data-type=\"mkd-elements-custom-padding\" scoped>\n\t\t\t\t\t\t\t\t\t\t@media only screen and (min-width: 1280px) and (max-width: 1440px) {\n\t\t\t\t\t\t.mkd-elements-holder .mkd-elements-holder-item-content.mkd-elements-holder-custom-884598 {\n\t\t\t\t\t\t\tpadding: 12% 10% 10% 12% !important;\n\t\t\t\t\t\t}\n\t\t\t\t\t}\n\n\t\t\t\t\t\t\t\t\t\t\t\t\t\t\t@media only screen and (min-width: 1024px) and (max-width: 1280px) {\n\t\t\t\t\t\t.mkd-elements-holder .mkd-elements-holder-item-content.mkd-elements-holder-custom-884598 {\n\t\t\t\t\t\t\tpadding: 12% 10% 10% 12% !important;\n\t\t\t\t\t\t}\n\t\t\t\t\t}\n\n\t\t\t\t\t\t\t\t\t\t\t\t\t\t\t@media only screen and (min-width: 768px) and (max-width: 1024px) {\n\t\t\t\t\t\t.mkd-elements-holder .mkd-elements-holder-item-content.mkd-elements-holder-custom-884598 {\n\t\t\t\t\t\t\tpadding: 12% 10% 10% 12% !important;\n\t\t\t\t\t\t}\n\t\t\t\t\t}\n\n\t\t\t\t\t\t\t\t\t\t\t\t\t\t\t@media only screen and (min-width: 600px) and (max-width: 768px) {\n\t\t\t\t\t\t.mkd-elements-holder .mkd-elements-holder-item-content.mkd-elements-holder-custom-884598 {\n\t\t\t\t\t\t\tpadding: 12% 6% 10% 11% !important;\n\t\t\t\t\t\t}\n\t\t\t\t\t}\n\n\t\t\t\t\t\t\t\t\t\t\t\t\t\t\t@media only screen and (min-width: 480px) and (max-width: 600px) {\n\t\t\t\t\t\t.mkd-elements-holder .mkd-elements-holder-item-content.mkd-elements-holder-custom-884598 {\n\t\t\t\t\t\t\tpadding: 12% 6% 10% 11% !important;\n\t\t\t\t\t\t}\n\t\t\t\t\t}\n\n\t\t\t\t\t\t\t\t\t\t\t\t\t\t\t@media only screen and (max-width: 480px) {\n\t\t\t\t\t\t.mkd-elements-holder .mkd-elements-holder-item-content.mkd-elements-holder-custom-884598 {\n\t\t\t\t\t\t\tpadding: 12% 6% 10% 11% !important;\n\t\t\t\t\t\t}\n\t\t\t\t\t}\n\n\t\t\t\t\t\t\t\t\t<\/style>\n\t\t\t            \t\t\t    \n\t<div class=\"wpb_text_column wpb_content_element\" >\n\t\t<div class=\"wpb_wrapper\">\n\t\t\t<h2>PACKAGE DEALS<\/h2>\n<ul>\n<li>Block of 4 private coaching sessions: 382,70 + tx = <b>440$<\/b><\/li>\n<li>Block of 4 private coaching sessions + 1 personalized training program: 478.36$ + tx = <b>550$<\/b><\/li>\n<li>1 personalized training program + weekly comments on videos (over 4 consecutive weeks): 226,13$ + tx = <b>260$<\/b><\/li>\n<\/ul>\n\n\t\t<\/div>\n\t<\/div>\n            \t\t<\/div>\n\t<\/div>\n<\/div><\/div><\/div><\/div><\/div><\/div><\/div><div id=\"crzm_tarifs-r2\" class=\"vc_row wpb_row vc_row-fluid mkd-section mkd-content-aligment-left\" style=\"\"><div class=\"clearfix mkd-full-section-inner\"><div class=\"wpb_column vc_column_container vc_col-sm-12\"><div class=\"vc_column-inner\"><div class=\"wpb_wrapper\"><div class=\"mkd-elements-holder mkd-responsive-mode-768\" ><\/div><\/div><\/div><\/div><\/div><\/div><div class=\"vc_row wpb_row vc_row-fluid mkd-section mkd-content-aligment-left\" style=\"\"><div class=\"clearfix mkd-full-section-inner\"><div class=\"wpb_column vc_column_container vc_col-sm-12\"><div class=\"vc_column-inner\"><div class=\"wpb_wrapper\">\t\t\r\n\t\t<div class=\"mega_uae_btn_240 crzm_become-member\" style=\"justify-content: left; display: flex;\">\r\n\t\t\t\t\t\t\t<a href=\"https:\/\/3tonnesgym.com\/en\/contact\/\" target=\"\" title=\"Contact us\" class=\"maw_advanced_btn hvr-fade btn_block\" style=\"color: #007AFF;background: #FFFFFF ; border: 0px none ; border-radius: px; font-size: 28px; padding: px 25px; font-family:Montserrat;font-weight:700;font-style:normal;\" data-text=\"Devenez membre de 3 Tonnes Gym aujourd\u2019hui!\"> \r\n\t\t\t\t\t\t\t\t\t\t\t<i class=\"icon__left\"><\/i> \r\n\t\t\t\t\t\t\t\t\t\t\tBecome a member of 3 Tonnes Gym today!\t\t\t\t\t\t\t\t\t<\/a>\r\n\t\t\t\t<div style=\"clear: both;\"><\/div>\r\n\t\t\t\r\n\t\t\t\r\n\t\t\t\r\n\t\t\t\r\n\t\t\t\r\n\t\t\t\r\n\t\t\t\r\n\t\t\t\r\n\t\t\t\t\t<\/div>\r\n\t\t<style>\r\n\t\t\t.mega_uae_btn_240 .maw_advanced_btn{\r\n\t\t\t\ttext-transform: default !important;\r\n\t\t\t\tfont-style: default !important;\r\n\t\t\t\ttext-decoration: default !important;\r\n\t\t\t\t\/*box-none: 5px 5px 16px rgba(68,68,68,0.3) !important;*\/\r\n\t\t\t\tbox-none: 0 10px 20px rgba(0, 0, 0, 0.2) !important;\r\n\t\t\t}\r\n\t\t\t\t\t\t\t.mega_uae_btn_240 .maw_advanced_btn .icon__left {\r\n\t\t\t\t\tfont-size: 18px !important;\r\n\t\t\t\t\tpadding-right: 5px !important;\r\n\t\t\t\t}\r\n\t\t\t\t\t\t\r\n\t\t\t.mega_uae_btn_240 .button--antiman:hover,\r\n\t\t\t.mega_uae_btn_240 .button--nuka:hover,\r\n\t\t\t.mega_uae_btn_240 .button--aylen:hover,\r\n\t\t\t.mega_uae_btn_240 .button--pipaluk:hover {\r\n\t\t\t\tcolor: #007AFF !important;\r\n\t\t\t}\r\n\r\n\t\t\t\t\t\t\t.mega_uae_btn_240 .hvr-fade:hover{\r\n\t\t\t\t\tbackground: #1E243033 !important;\r\n\t\t\t\t\tcolor: #007AFF !important;\r\n\t\t\t\t}\r\n\t\t\t\r\n\t\t\t\r\n\t\t\t\t\t\t\r\n\t\t\t\t\t\t\r\n\t\t\t\r\n\t\t\t\r\n\t\t\t\r\n\t\t\t\r\n\t\t\t\r\n\t\t\t\r\n\t\t\t\r\n\t\t\t\r\n\t\t\t\r\n\t\t\t\t\t\t\t\t\t\r\n\t\t\t\r\n\t\t\t\r\n\t\t\t\r\n\t\t\t\r\n\t\t\t\r\n\t\t\t\r\n\t\t\t\t\t<\/style>\r\n\r\n\t\t<\/div><\/div><\/div><\/div><\/div>\n<\/div>","protected":false},"excerpt":{"rendered":"ABONNEMENTS au gym Acc\u00e8s illimit\u00e9, 24h\/24h 1 an: 3 paiements de 260.92$ + tx = 3 x 300$ 1 mois: 69.58$ + tx = 80$ S\u00e9ance unique: 17,40$ + tx = 20$ Services 1 programme d\u2019entra\u00eenement personnalis\u00e9, interactif et mis \u00e0 jour chaque semaine pendant...","protected":false},"author":1,"featured_media":0,"parent":0,"menu_order":0,"comment_status":"closed","ping_status":"closed","template":"full-width.php","meta":{"nf_dc_page":"","footnotes":""},"class_list":["post-16337","page","type-page","status-publish","hentry"],"yoast_head":"<!-- This site is optimized with the Yoast SEO plugin v27.4 - https:\/\/yoast.com\/product\/yoast-seo-wordpress\/ -->\n<title>Abonnement au gym pour sports de force \u00e0 Gatineau - Ottawa<\/title>\n<meta name=\"description\" content=\"Venez profiter de notre vaste s\u00e9lection d&#039;\u00e9quipements gr\u00e2ce \u00e0 nos forfaits abonnements au mois. La r\u00e9f\u00e9rence en sports de force en Outaouais.\" \/>\n<meta name=\"robots\" content=\"index, follow, max-snippet:-1, max-image-preview:large, max-video-preview:-1\" \/>\n<link rel=\"canonical\" href=\"https:\/\/3tonnesgym.com\/en\/tarifs\/\" \/>\n<meta property=\"og:locale\" content=\"en_US\" \/>\n<meta property=\"og:type\" content=\"article\" \/>\n<meta property=\"og:title\" content=\"Abonnement au gym pour sports de force \u00e0 Gatineau - Ottawa\" \/>\n<meta property=\"og:description\" content=\"Venez profiter de notre vaste s\u00e9lection d&#039;\u00e9quipements gr\u00e2ce \u00e0 nos forfaits abonnements au mois. La r\u00e9f\u00e9rence en sports de force en Outaouais.\" \/>\n<meta property=\"og:url\" content=\"https:\/\/3tonnesgym.com\/en\/tarifs\/\" \/>\n<meta property=\"og:site_name\" content=\"3 TONNES GYM\" \/>\n<meta property=\"article:modified_time\" content=\"2026-03-19T00:15:15+00:00\" \/>\n<meta name=\"twitter:card\" content=\"summary_large_image\" \/>\n<meta name=\"twitter:label1\" content=\"Est. reading time\" \/>\n\t<meta name=\"twitter:data1\" content=\"2 minutes\" \/>\n<script type=\"application\/ld+json\" class=\"yoast-schema-graph\">{\"@context\":\"https:\\\/\\\/schema.org\",\"@graph\":[{\"@type\":\"WebPage\",\"@id\":\"https:\\\/\\\/3tonnesgym.com\\\/tarifs\\\/\",\"url\":\"https:\\\/\\\/3tonnesgym.com\\\/tarifs\\\/\",\"name\":\"Abonnement au gym pour sports de force \u00e0 Gatineau - Ottawa\",\"isPartOf\":{\"@id\":\"https:\\\/\\\/3tonnesgym.com\\\/#website\"},\"datePublished\":\"2021-07-17T16:02:14+00:00\",\"dateModified\":\"2026-03-19T00:15:15+00:00\",\"description\":\"Venez profiter de notre vaste s\u00e9lection d'\u00e9quipements gr\u00e2ce \u00e0 nos forfaits abonnements au mois. La r\u00e9f\u00e9rence en sports de force en Outaouais.\",\"breadcrumb\":{\"@id\":\"https:\\\/\\\/3tonnesgym.com\\\/tarifs\\\/#breadcrumb\"},\"inLanguage\":\"en-CA\",\"potentialAction\":[{\"@type\":\"ReadAction\",\"target\":[\"https:\\\/\\\/3tonnesgym.com\\\/tarifs\\\/\"]}]},{\"@type\":\"BreadcrumbList\",\"@id\":\"https:\\\/\\\/3tonnesgym.com\\\/tarifs\\\/#breadcrumb\",\"itemListElement\":[{\"@type\":\"ListItem\",\"position\":1,\"name\":\"Home\",\"item\":\"https:\\\/\\\/3tonnesgym.com\\\/\"},{\"@type\":\"ListItem\",\"position\":2,\"name\":\"Tarifs\"}]},{\"@type\":\"WebSite\",\"@id\":\"https:\\\/\\\/3tonnesgym.com\\\/#website\",\"url\":\"https:\\\/\\\/3tonnesgym.com\\\/\",\"name\":\"3 TONNES GYM\",\"description\":\"La r\u00e9f\u00e9rence des sports de force en Outaouais\",\"potentialAction\":[{\"@type\":\"SearchAction\",\"target\":{\"@type\":\"EntryPoint\",\"urlTemplate\":\"https:\\\/\\\/3tonnesgym.com\\\/?s={search_term_string}\"},\"query-input\":{\"@type\":\"PropertyValueSpecification\",\"valueRequired\":true,\"valueName\":\"search_term_string\"}}],\"inLanguage\":\"en-CA\"}]}<\/script>\n<!-- \/ Yoast SEO plugin. -->","yoast_head_json":{"title":"Abonnement au gym pour sports de force \u00e0 Gatineau - Ottawa","description":"Venez profiter de notre vaste s\u00e9lection d'\u00e9quipements gr\u00e2ce \u00e0 nos forfaits abonnements au mois. La r\u00e9f\u00e9rence en sports de force en Outaouais.","robots":{"index":"index","follow":"follow","max-snippet":"max-snippet:-1","max-image-preview":"max-image-preview:large","max-video-preview":"max-video-preview:-1"},"canonical":"https:\/\/3tonnesgym.com\/en\/tarifs\/","og_locale":"en_US","og_type":"article","og_title":"Abonnement au gym pour sports de force \u00e0 Gatineau - Ottawa","og_description":"Venez profiter de notre vaste s\u00e9lection d'\u00e9quipements gr\u00e2ce \u00e0 nos forfaits abonnements au mois. La r\u00e9f\u00e9rence en sports de force en Outaouais.","og_url":"https:\/\/3tonnesgym.com\/en\/tarifs\/","og_site_name":"3 TONNES GYM","article_modified_time":"2026-03-19T00:15:15+00:00","twitter_card":"summary_large_image","twitter_misc":{"Est. reading time":"2 minutes"},"schema":{"@context":"https:\/\/schema.org","@graph":[{"@type":"WebPage","@id":"https:\/\/3tonnesgym.com\/tarifs\/","url":"https:\/\/3tonnesgym.com\/tarifs\/","name":"Abonnement au gym pour sports de force \u00e0 Gatineau - Ottawa","isPartOf":{"@id":"https:\/\/3tonnesgym.com\/#website"},"datePublished":"2021-07-17T16:02:14+00:00","dateModified":"2026-03-19T00:15:15+00:00","description":"Venez profiter de notre vaste s\u00e9lection d'\u00e9quipements gr\u00e2ce \u00e0 nos forfaits abonnements au mois. La r\u00e9f\u00e9rence en sports de force en Outaouais.","breadcrumb":{"@id":"https:\/\/3tonnesgym.com\/tarifs\/#breadcrumb"},"inLanguage":"en-CA","potentialAction":[{"@type":"ReadAction","target":["https:\/\/3tonnesgym.com\/tarifs\/"]}]},{"@type":"BreadcrumbList","@id":"https:\/\/3tonnesgym.com\/tarifs\/#breadcrumb","itemListElement":[{"@type":"ListItem","position":1,"name":"Home","item":"https:\/\/3tonnesgym.com\/"},{"@type":"ListItem","position":2,"name":"Tarifs"}]},{"@type":"WebSite","@id":"https:\/\/3tonnesgym.com\/#website","url":"https:\/\/3tonnesgym.com\/","name":"3 TONNES GYM","description":"La r\u00e9f\u00e9rence des sports de force en Outaouais","potentialAction":[{"@type":"SearchAction","target":{"@type":"EntryPoint","urlTemplate":"https:\/\/3tonnesgym.com\/?s={search_term_string}"},"query-input":{"@type":"PropertyValueSpecification","valueRequired":true,"valueName":"search_term_string"}}],"inLanguage":"en-CA"}]}},"_links":{"self":[{"href":"https:\/\/3tonnesgym.com\/en\/wp-json\/wp\/v2\/pages\/16337","targetHints":{"allow":["GET"]}}],"collection":[{"href":"https:\/\/3tonnesgym.com\/en\/wp-json\/wp\/v2\/pages"}],"about":[{"href":"https:\/\/3tonnesgym.com\/en\/wp-json\/wp\/v2\/types\/page"}],"author":[{"embeddable":true,"href":"https:\/\/3tonnesgym.com\/en\/wp-json\/wp\/v2\/users\/1"}],"replies":[{"embeddable":true,"href":"https:\/\/3tonnesgym.com\/en\/wp-json\/wp\/v2\/comments?post=16337"}],"version-history":[{"count":5,"href":"https:\/\/3tonnesgym.com\/en\/wp-json\/wp\/v2\/pages\/16337\/revisions"}],"predecessor-version":[{"id":18301,"href":"https:\/\/3tonnesgym.com\/en\/wp-json\/wp\/v2\/pages\/16337\/revisions\/18301"}],"wp:attachment":[{"href":"https:\/\/3tonnesgym.com\/en\/wp-json\/wp\/v2\/media?parent=16337"}],"curies":[{"name":"wp","href":"https:\/\/api.w.org\/{rel}","templated":true}]}}